{"id":145,"date":"2024-11-28T14:36:19","date_gmt":"2024-11-28T12:36:19","guid":{"rendered":"https:\/\/www.lieksanautojakone.fi\/?page_id=145"},"modified":"2025-01-13T17:07:25","modified_gmt":"2025-01-13T15:07:25","slug":"lieksan-auto-ja-konehuolto","status":"publish","type":"page","link":"https:\/\/www.lieksanautojakone.fi\/","title":{"rendered":"Lieksan Auto- Ja Konehuolto OY"},"content":{"rendered":"\t\t<div data-elementor-type=\"wp-post\" data-elementor-id=\"145\" class=\"elementor elementor-145\">\n\t\t\t\t<div class=\"elementor-element elementor-element-297ba6d e-flex e-con-boxed e-con e-parent\" data-id=\"297ba6d\" data-element_type=\"container\" data-e-type=\"container\">\n\t\t\t\t\t<div class=\"e-con-inner\">\n\t\t\t\t<div class=\"elementor-element elementor-element-e851314 elementor-widget elementor-widget-text-editor\" data-id=\"e851314\" data-element_type=\"widget\" data-e-type=\"widget\" data-widget_type=\"text-editor.default\">\n\t\t\t\t<div class=\"elementor-widget-container\">\n\t\t\t\t\t\t\t\t\t<p>Olemme paikallinen vuonna 2014 perustettu yritys, t<span style=\"color: var( --e-global-color-text ); font-family: var( --e-global-typography-text-font-family ), Sans-serif; font-weight: var( --e-global-typography-text-font-weight ); text-align: var(--text-align); font-size: 1rem;\" data-darkreader-inline-color=\"\">arjoamme kattavat huolto- ja korjauspalvelut yhdist\u00e4en vankan kokemuksen, nykyaikaisen osaamisen ja huippuluokan v\u00e4lineet.<\/span><\/p><div class=\"group\/conversation-turn relative flex w-full min-w-0 flex-col agent-turn\"><div class=\"flex-col gap-1 md:gap-3\"><div class=\"flex max-w-full flex-col flex-grow\"><div class=\"min-h-8 text-message flex w-full flex-col items-end gap-2 whitespace-normal break-words [.text-message+&amp;]:mt-5\" dir=\"auto\" data-message-author-role=\"assistant\" data-message-id=\"d52ad842-0c63-42d4-be70-37b487d507e2\" data-message-model-slug=\"gpt-4o\"><div class=\"flex w-full flex-col gap-1 empty:hidden first:pt-[3px]\"><div class=\"markdown prose w-full break-words dark:prose-invert dark\"><p>Sijaitsemme Pohjois-Karjalan syd\u00e4mess\u00e4 Lieksassa, miss\u00e4 palvelemme niin paikallisia asiakkaita kuin kauempaakin tulevia. Meilt\u00e4 saat apua kaikenlaisiin huoltotarpeisiin \u2013 oli kyseess\u00e4 m\u00e4\u00e4r\u00e4aikaishuolto, koneremontti tai haastavampikin vianetsint\u00e4, osaavat ammattilaisemme hoitavat homman nopeasti ja laadukkaasti.<\/p><p>Tyytyv\u00e4inen asiakas on toimintamme kulmakivi. Tavoitteenamme on tarjota tehokasta, kustannustietoista ja ennen kaikkea luotettavaa palvelua.<\/p><p>Meill\u00e4 Lieksan Auto ja Konehuollossa autosi ja koneesi ovat osaavissa k\u00e4siss\u00e4 \u2013 tervetuloa!<\/p><\/div><\/div><\/div><\/div><\/div><\/div>\t\t\t\t\t\t\t\t<\/div>\n\t\t\t\t<\/div>\n\t\t<div class=\"elementor-element elementor-element-88324ee e-con-full e-flex e-con e-child\" data-id=\"88324ee\" data-element_type=\"container\" data-e-type=\"container\">\n\t\t\t\t<div class=\"elementor-element elementor-element-4550533 elementor-widget elementor-widget-button\" data-id=\"4550533\" data-element_type=\"widget\" data-e-type=\"widget\" data-widget_type=\"button.default\">\n\t\t\t\t<div class=\"elementor-widget-container\">\n\t\t\t\t\t\t\t\t\t<div class=\"elementor-button-wrapper\">\n\t\t\t\t\t<a class=\"elementor-button elementor-button-link elementor-size-sm\" href=\"mailto:info@lieksanautojakone.fi\">\n\t\t\t\t\t\t<span class=\"elementor-button-content-wrapper\">\n\t\t\t\t\t\t<span class=\"elementor-button-icon\">\n\t\t\t\t<svg aria-hidden=\"true\" class=\"e-font-icon-svg e-far-address-book\" viewBox=\"0 0 448 512\" xmlns=\"http:\/\/www.w3.org\/2000\/svg\"><path d=\"M436 160c6.6 0 12-5.4 12-12v-40c0-6.6-5.4-12-12-12h-20V48c0-26.5-21.5-48-48-48H48C21.5 0 0 21.5 0 48v416c0 26.5 21.5 48 48 48h320c26.5 0 48-21.5 48-48v-48h20c6.6 0 12-5.4 12-12v-40c0-6.6-5.4-12-12-12h-20v-64h20c6.6 0 12-5.4 12-12v-40c0-6.6-5.4-12-12-12h-20v-64h20zm-68 304H48V48h320v416zM208 256c35.3 0 64-28.7 64-64s-28.7-64-64-64-64 28.7-64 64 28.7 64 64 64zm-89.6 128h179.2c12.4 0 22.4-8.6 22.4-19.2v-19.2c0-31.8-30.1-57.6-67.2-57.6-10.8 0-18.7 8-44.8 8-26.9 0-33.4-8-44.8-8-37.1 0-67.2 25.8-67.2 57.6v19.2c0 10.6 10 19.2 22.4 19.2z\"><\/path><\/svg>\t\t\t<\/span>\n\t\t\t\t\t\t\t\t\t<span class=\"elementor-button-text\">info@lieksanautojakone.fi<\/span>\n\t\t\t\t\t<\/span>\n\t\t\t\t\t<\/a>\n\t\t\t\t<\/div>\n\t\t\t\t\t\t\t\t<\/div>\n\t\t\t\t<\/div>\n\t\t\t\t<div class=\"elementor-element elementor-element-a0aa32c elementor-align-left elementor-widget elementor-widget-button\" data-id=\"a0aa32c\" data-element_type=\"widget\" data-e-type=\"widget\" data-widget_type=\"button.default\">\n\t\t\t\t<div class=\"elementor-widget-container\">\n\t\t\t\t\t\t\t\t\t<div class=\"elementor-button-wrapper\">\n\t\t\t\t\t<a class=\"elementor-button elementor-button-link elementor-size-sm\" href=\"tel:0442921007\">\n\t\t\t\t\t\t<span class=\"elementor-button-content-wrapper\">\n\t\t\t\t\t\t<span class=\"elementor-button-icon\">\n\t\t\t\t<svg aria-hidden=\"true\" class=\"e-font-icon-svg e-fas-phone-alt\" viewBox=\"0 0 512 512\" xmlns=\"http:\/\/www.w3.org\/2000\/svg\"><path d=\"M497.39 361.8l-112-48a24 24 0 0 0-28 6.9l-49.6 60.6A370.66 370.66 0 0 1 130.6 204.11l60.6-49.6a23.94 23.94 0 0 0 6.9-28l-48-112A24.16 24.16 0 0 0 122.6.61l-104 24A24 24 0 0 0 0 48c0 256.5 207.9 464 464 464a24 24 0 0 0 23.4-18.6l24-104a24.29 24.29 0 0 0-14.01-27.6z\"><\/path><\/svg>\t\t\t<\/span>\n\t\t\t\t\t\t\t\t\t<span class=\"elementor-button-text\">0442921007<\/span>\n\t\t\t\t\t<\/span>\n\t\t\t\t\t<\/a>\n\t\t\t\t<\/div>\n\t\t\t\t\t\t\t\t<\/div>\n\t\t\t\t<\/div>\n\t\t\t\t<\/div>\n\t\t\t\t\t<\/div>\n\t\t\t\t<\/div>\n\t\t<div class=\"elementor-element elementor-element-d689b73 e-flex e-con-boxed e-con e-parent\" data-id=\"d689b73\" data-element_type=\"container\" data-e-type=\"container\">\n\t\t\t\t\t<div class=\"e-con-inner\">\n\t\t\t\t<div class=\"elementor-element elementor-element-1a1324e elementor-widget elementor-widget-heading\" data-id=\"1a1324e\" data-element_type=\"widget\" data-e-type=\"widget\" data-widget_type=\"heading.default\">\n\t\t\t\t<div class=\"elementor-widget-container\">\n\t\t\t\t\t<h2 class=\"elementor-heading-title elementor-size-default\">Alhaalta l\u00f6yd\u00e4t k\u00e4yntiosoitteemme.<\/h2>\t\t\t\t<\/div>\n\t\t\t\t<\/div>\n\t\t\t\t\t<\/div>\n\t\t\t\t<\/div>\n\t\t<div class=\"elementor-element elementor-element-f090690 e-flex e-con-boxed e-con e-parent\" data-id=\"f090690\" data-element_type=\"container\" data-e-type=\"container\">\n\t\t\t\t\t<div class=\"e-con-inner\">\n\t\t\t\t<div class=\"elementor-element elementor-element-d589eaa elementor-widget elementor-widget-google_maps\" data-id=\"d589eaa\" data-element_type=\"widget\" data-e-type=\"widget\" data-widget_type=\"google_maps.default\">\n\t\t\t\t<div class=\"elementor-widget-container\">\n\t\t\t\t\t\t\t<div class=\"elementor-custom-embed\">\n\t\t\t<iframe loading=\"lazy\"\n\t\t\t\t\tsrc=\"https:\/\/maps.google.com\/maps?q=Lieksan%20Auto%20ja%20Konehuolto%20Oy%20Mitro%201%2C%2081560%20Vuonisj%C3%A4rvi&#038;t=m&#038;z=8&#038;output=embed&#038;iwloc=near\"\n\t\t\t\t\ttitle=\"Lieksan Auto ja Konehuolto Oy Mitro 1, 81560 Vuonisj\u00e4rvi\"\n\t\t\t\t\taria-label=\"Lieksan Auto ja Konehuolto Oy Mitro 1, 81560 Vuonisj\u00e4rvi\"\n\t\t\t><\/iframe>\n\t\t<\/div>\n\t\t\t\t\t\t<\/div>\n\t\t\t\t<\/div>\n\t\t\t\t\t<\/div>\n\t\t\t\t<\/div>\n\t\t<div class=\"elementor-element elementor-element-edb3f51 e-flex e-con-boxed e-con e-parent\" data-id=\"edb3f51\" data-element_type=\"container\" data-e-type=\"container\">\n\t\t\t\t\t<div class=\"e-con-inner\">\n\t\t\t\t<div class=\"elementor-element elementor-element-1095068 elementor-shape-circle elementor-grid-0 e-grid-align-center elementor-widget elementor-widget-social-icons\" data-id=\"1095068\" data-element_type=\"widget\" data-e-type=\"widget\" data-widget_type=\"social-icons.default\">\n\t\t\t\t<div class=\"elementor-widget-container\">\n\t\t\t\t\t\t\t<div class=\"elementor-social-icons-wrapper elementor-grid\" role=\"list\">\n\t\t\t\t\t\t\t<span class=\"elementor-grid-item\" role=\"listitem\">\n\t\t\t\t\t<a class=\"elementor-icon elementor-social-icon elementor-social-icon-tiktok elementor-repeater-item-abf2c57\" href=\"https:\/\/www.tiktok.com\/@lieksanautojakone\" target=\"_blank\">\n\t\t\t\t\t\t<span class=\"elementor-screen-only\">Tiktok<\/span>\n\t\t\t\t\t\t<svg aria-hidden=\"true\" class=\"e-font-icon-svg e-fab-tiktok\" viewBox=\"0 0 448 512\" xmlns=\"http:\/\/www.w3.org\/2000\/svg\"><path d=\"M448,209.91a210.06,210.06,0,0,1-122.77-39.25V349.38A162.55,162.55,0,1,1,185,188.31V278.2a74.62,74.62,0,1,0,52.23,71.18V0l88,0a121.18,121.18,0,0,0,1.86,22.17h0A122.18,122.18,0,0,0,381,102.39a121.43,121.43,0,0,0,67,20.14Z\"><\/path><\/svg>\t\t\t\t\t<\/a>\n\t\t\t\t<\/span>\n\t\t\t\t\t\t\t<span class=\"elementor-grid-item\" role=\"listitem\">\n\t\t\t\t\t<a class=\"elementor-icon elementor-social-icon elementor-social-icon-facebook elementor-repeater-item-0b2fede\" href=\"https:\/\/www.facebook.com\/profile.php?id=61568518142738\" target=\"_blank\">\n\t\t\t\t\t\t<span class=\"elementor-screen-only\">Facebook<\/span>\n\t\t\t\t\t\t<svg aria-hidden=\"true\" class=\"e-font-icon-svg e-fab-facebook\" viewBox=\"0 0 512 512\" xmlns=\"http:\/\/www.w3.org\/2000\/svg\"><path d=\"M504 256C504 119 393 8 256 8S8 119 8 256c0 123.78 90.69 226.38 209.25 245V327.69h-63V256h63v-54.64c0-62.15 37-96.48 93.67-96.48 27.14 0 55.52 4.84 55.52 4.84v61h-31.28c-30.8 0-40.41 19.12-40.41 38.73V256h68.78l-11 71.69h-57.78V501C413.31 482.38 504 379.78 504 256z\"><\/path><\/svg>\t\t\t\t\t<\/a>\n\t\t\t\t<\/span>\n\t\t\t\t\t\t\t<span class=\"elementor-grid-item\" role=\"listitem\">\n\t\t\t\t\t<a class=\"elementor-icon elementor-social-icon elementor-social-icon-instagram elementor-repeater-item-35bd0c0\" href=\"https:\/\/www.instagram.com\/auto.huolto?fbclid=IwZXh0bgNhZW0CMTAAAR0dOjb13-FwRypF3xTlFZfuFFIlIbZ_Iuyaq6-wr8PRVDmE8m6eo5LtWHk_aem_5vQvyUmvY7YvONTHLztc3g\" target=\"_blank\">\n\t\t\t\t\t\t<span class=\"elementor-screen-only\">Instagram<\/span>\n\t\t\t\t\t\t<svg aria-hidden=\"true\" class=\"e-font-icon-svg e-fab-instagram\" viewBox=\"0 0 448 512\" xmlns=\"http:\/\/www.w3.org\/2000\/svg\"><path d=\"M224.1 141c-63.6 0-114.9 51.3-114.9 114.9s51.3 114.9 114.9 114.9S339 319.5 339 255.9 287.7 141 224.1 141zm0 189.6c-41.1 0-74.7-33.5-74.7-74.7s33.5-74.7 74.7-74.7 74.7 33.5 74.7 74.7-33.6 74.7-74.7 74.7zm146.4-194.3c0 14.9-12 26.8-26.8 26.8-14.9 0-26.8-12-26.8-26.8s12-26.8 26.8-26.8 26.8 12 26.8 26.8zm76.1 27.2c-1.7-35.9-9.9-67.7-36.2-93.9-26.2-26.2-58-34.4-93.9-36.2-37-2.1-147.9-2.1-184.9 0-35.8 1.7-67.6 9.9-93.9 36.1s-34.4 58-36.2 93.9c-2.1 37-2.1 147.9 0 184.9 1.7 35.9 9.9 67.7 36.2 93.9s58 34.4 93.9 36.2c37 2.1 147.9 2.1 184.9 0 35.9-1.7 67.7-9.9 93.9-36.2 26.2-26.2 34.4-58 36.2-93.9 2.1-37 2.1-147.8 0-184.8zM398.8 388c-7.8 19.6-22.9 34.7-42.6 42.6-29.5 11.7-99.5 9-132.1 9s-102.7 2.6-132.1-9c-19.6-7.8-34.7-22.9-42.6-42.6-11.7-29.5-9-99.5-9-132.1s-2.6-102.7 9-132.1c7.8-19.6 22.9-34.7 42.6-42.6 29.5-11.7 99.5-9 132.1-9s102.7-2.6 132.1 9c19.6 7.8 34.7 22.9 42.6 42.6 11.7 29.5 9 99.5 9 132.1s2.7 102.7-9 132.1z\"><\/path><\/svg>\t\t\t\t\t<\/a>\n\t\t\t\t<\/span>\n\t\t\t\t\t<\/div>\n\t\t\t\t\t\t<\/div>\n\t\t\t\t<\/div>\n\t\t\t\t\t<\/div>\n\t\t\t\t<\/div>\n\t\t<div class=\"elementor-element elementor-element-b15cd56 e-flex e-con-boxed e-con e-parent\" data-id=\"b15cd56\" data-element_type=\"container\" data-e-type=\"container\">\n\t\t\t\t\t<div class=\"e-con-inner\">\n\t\t\t\t\t<\/div>\n\t\t\t\t<\/div>\n\t\t<div class=\"elementor-element elementor-element-874ae68 e-flex e-con-boxed e-con e-parent\" data-id=\"874ae68\" data-element_type=\"container\" data-e-type=\"container\">\n\t\t\t\t\t<div class=\"e-con-inner\">\n\t\t\t\t\t<\/div>\n\t\t\t\t<\/div>\n\t\t\t\t<\/div>\n\t\t","protected":false},"excerpt":{"rendered":"<p>Olemme paikallinen vuonna 2014 perustettu yritys, tarjoamme kattavat huolto- ja korjauspalvelut yhdist\u00e4en vankan kokemuksen, nykyaikaisen osaamisen ja huippuluokan v\u00e4lineet. Sijaitsemme Pohjois-Karjalan syd\u00e4mess\u00e4 Lieksassa, miss\u00e4 palvelemme niin paikallisia asiakkaita kuin kauempaakin tulevia. Meilt\u00e4 saat apua kaikenlaisiin huoltotarpeisiin \u2013 oli kyseess\u00e4 m\u00e4\u00e4r\u00e4aikaishuolto, koneremontti tai haastavampikin vianetsint\u00e4, osaavat ammattilaisemme hoitavat homman nopeasti ja laadukkaasti. Tyytyv\u00e4inen asiakas on toimintamme [&hellip;]<\/p>\n","protected":false},"author":1,"featured_media":223,"parent":0,"menu_order":0,"comment_status":"closed","ping_status":"closed","template":"","meta":{"footnotes":""},"class_list":["post-145","page","type-page","status-publish","has-post-thumbnail","hentry"],"yoast_head":"<!-- This site is optimized with the Yoast SEO plugin v26.8 - https:\/\/yoast.com\/product\/yoast-seo-wordpress\/ -->\n<title>Lieksan Auto- Ja Konehuolto - Lieksan Auto- Ja Konehuolto<\/title>\n<meta name=\"description\" content=\"Tarjoamme Pohjois-Karjalassa Lieksan Auto- Ja Konehuollolla palveluita vankalla kokemuksella kera nykyaikaiset laitteiden, Tervetuloa!\" \/>\n<meta name=\"robots\" content=\"index, follow, max-snippet:-1, max-image-preview:large, max-video-preview:-1\" \/>\n<link rel=\"canonical\" href=\"https:\/\/www.lieksanautojakone.fi\/\" \/>\n<meta property=\"og:locale\" content=\"fi_FI\" \/>\n<meta property=\"og:type\" content=\"article\" \/>\n<meta property=\"og:title\" content=\"Lieksan Auto- Ja Konehuolto - Lieksan Auto- Ja Konehuolto\" \/>\n<meta property=\"og:description\" content=\"Tarjoamme Pohjois-Karjalassa Lieksan Auto- Ja Konehuollolla palveluita vankalla kokemuksella kera nykyaikaiset laitteiden, Tervetuloa!\" \/>\n<meta property=\"og:url\" content=\"https:\/\/www.lieksanautojakone.fi\/\" \/>\n<meta property=\"og:site_name\" content=\"Lieksan Auto- Ja Konehuolto\" \/>\n<meta property=\"article:publisher\" content=\"https:\/\/www.facebook.com\/profile.php?id=61568518142738&amp;locale=fi_FI\" \/>\n<meta property=\"article:modified_time\" content=\"2025-01-13T15:07:25+00:00\" \/>\n<meta property=\"og:image\" content=\"https:\/\/www.lieksanautojakone.fi\/wp-content\/uploads\/2024\/11\/Untitled_Artwork-3.png\" \/>\n\t<meta property=\"og:image:width\" content=\"512\" \/>\n\t<meta property=\"og:image:height\" content=\"512\" \/>\n\t<meta property=\"og:image:type\" content=\"image\/png\" \/>\n<meta name=\"twitter:card\" content=\"summary_large_image\" \/>\n<meta name=\"twitter:label1\" content=\"Arvioitu lukuaika\" \/>\n\t<meta name=\"twitter:data1\" content=\"1 minuutti\" \/>\n<script type=\"application\/ld+json\" class=\"yoast-schema-graph\">{\"@context\":\"https:\/\/schema.org\",\"@graph\":[{\"@type\":\"WebPage\",\"@id\":\"https:\/\/www.lieksanautojakone.fi\/\",\"url\":\"https:\/\/www.lieksanautojakone.fi\/\",\"name\":\"Lieksan Auto- Ja Konehuolto - Lieksan Auto- Ja Konehuolto\",\"isPartOf\":{\"@id\":\"https:\/\/www.lieksanautojakone.fi\/#website\"},\"primaryImageOfPage\":{\"@id\":\"https:\/\/www.lieksanautojakone.fi\/#primaryimage\"},\"image\":{\"@id\":\"https:\/\/www.lieksanautojakone.fi\/#primaryimage\"},\"thumbnailUrl\":\"https:\/\/www.lieksanautojakone.fi\/wp-content\/uploads\/2024\/11\/Untitled_Artwork-3.png\",\"datePublished\":\"2024-11-28T12:36:19+00:00\",\"dateModified\":\"2025-01-13T15:07:25+00:00\",\"description\":\"Tarjoamme Pohjois-Karjalassa Lieksan Auto- Ja Konehuollolla palveluita vankalla kokemuksella kera nykyaikaiset laitteiden, Tervetuloa!\",\"breadcrumb\":{\"@id\":\"https:\/\/www.lieksanautojakone.fi\/#breadcrumb\"},\"inLanguage\":\"fi\",\"potentialAction\":[{\"@type\":\"ReadAction\",\"target\":[\"https:\/\/www.lieksanautojakone.fi\/\"]}]},{\"@type\":\"ImageObject\",\"inLanguage\":\"fi\",\"@id\":\"https:\/\/www.lieksanautojakone.fi\/#primaryimage\",\"url\":\"https:\/\/www.lieksanautojakone.fi\/wp-content\/uploads\/2024\/11\/Untitled_Artwork-3.png\",\"contentUrl\":\"https:\/\/www.lieksanautojakone.fi\/wp-content\/uploads\/2024\/11\/Untitled_Artwork-3.png\",\"width\":512,\"height\":512},{\"@type\":\"BreadcrumbList\",\"@id\":\"https:\/\/www.lieksanautojakone.fi\/#breadcrumb\",\"itemListElement\":[{\"@type\":\"ListItem\",\"position\":1,\"name\":\"Etusivu\",\"item\":\"https:\/\/www.lieksanautojakone.fi\/\"},{\"@type\":\"ListItem\",\"position\":2,\"name\":\"Lieksan Auto- Ja Konehuolto OY\"}]},{\"@type\":\"WebSite\",\"@id\":\"https:\/\/www.lieksanautojakone.fi\/#website\",\"url\":\"https:\/\/www.lieksanautojakone.fi\/\",\"name\":\"Lieksan Auto- Ja Konehuolto\",\"description\":\"Lieksan Auto- Ja Konehuolto\",\"publisher\":{\"@id\":\"https:\/\/www.lieksanautojakone.fi\/#organization\"},\"alternateName\":\"Lieksan Auto- Ja Konehuolto\",\"potentialAction\":[{\"@type\":\"SearchAction\",\"target\":{\"@type\":\"EntryPoint\",\"urlTemplate\":\"https:\/\/www.lieksanautojakone.fi\/?s={search_term_string}\"},\"query-input\":{\"@type\":\"PropertyValueSpecification\",\"valueRequired\":true,\"valueName\":\"search_term_string\"}}],\"inLanguage\":\"fi\"},{\"@type\":\"Organization\",\"@id\":\"https:\/\/www.lieksanautojakone.fi\/#organization\",\"name\":\"Lieksan Auto- ja konehuolto OY\",\"alternateName\":\"Lajkh Lieksan Auto Ja Konehuolto Lieksan auto huolto Lieksan auto ja kone\",\"url\":\"https:\/\/www.lieksanautojakone.fi\/\",\"logo\":{\"@type\":\"ImageObject\",\"inLanguage\":\"fi\",\"@id\":\"https:\/\/www.lieksanautojakone.fi\/#\/schema\/logo\/image\/\",\"url\":\"https:\/\/www.lieksanautojakone.fi\/wp-content\/uploads\/2024\/11\/Untitled_Artwork-3.png\",\"contentUrl\":\"https:\/\/www.lieksanautojakone.fi\/wp-content\/uploads\/2024\/11\/Untitled_Artwork-3.png\",\"width\":512,\"height\":512,\"caption\":\"Lieksan Auto- ja konehuolto OY\"},\"image\":{\"@id\":\"https:\/\/www.lieksanautojakone.fi\/#\/schema\/logo\/image\/\"},\"sameAs\":[\"https:\/\/www.facebook.com\/profile.php?id=61568518142738&locale=fi_FI\"]}]}<\/script>\n<!-- \/ Yoast SEO plugin. -->","yoast_head_json":{"title":"Lieksan Auto- Ja Konehuolto - Lieksan Auto- Ja Konehuolto","description":"Tarjoamme Pohjois-Karjalassa Lieksan Auto- Ja Konehuollolla palveluita vankalla kokemuksella kera nykyaikaiset laitteiden, Tervetuloa!","robots":{"index":"index","follow":"follow","max-snippet":"max-snippet:-1","max-image-preview":"max-image-preview:large","max-video-preview":"max-video-preview:-1"},"canonical":"https:\/\/www.lieksanautojakone.fi\/","og_locale":"fi_FI","og_type":"article","og_title":"Lieksan Auto- Ja Konehuolto - Lieksan Auto- Ja Konehuolto","og_description":"Tarjoamme Pohjois-Karjalassa Lieksan Auto- Ja Konehuollolla palveluita vankalla kokemuksella kera nykyaikaiset laitteiden, Tervetuloa!","og_url":"https:\/\/www.lieksanautojakone.fi\/","og_site_name":"Lieksan Auto- Ja Konehuolto","article_publisher":"https:\/\/www.facebook.com\/profile.php?id=61568518142738&locale=fi_FI","article_modified_time":"2025-01-13T15:07:25+00:00","og_image":[{"width":512,"height":512,"url":"https:\/\/www.lieksanautojakone.fi\/wp-content\/uploads\/2024\/11\/Untitled_Artwork-3.png","type":"image\/png"}],"twitter_card":"summary_large_image","twitter_misc":{"Arvioitu lukuaika":"1 minuutti"},"schema":{"@context":"https:\/\/schema.org","@graph":[{"@type":"WebPage","@id":"https:\/\/www.lieksanautojakone.fi\/","url":"https:\/\/www.lieksanautojakone.fi\/","name":"Lieksan Auto- Ja Konehuolto - Lieksan Auto- Ja Konehuolto","isPartOf":{"@id":"https:\/\/www.lieksanautojakone.fi\/#website"},"primaryImageOfPage":{"@id":"https:\/\/www.lieksanautojakone.fi\/#primaryimage"},"image":{"@id":"https:\/\/www.lieksanautojakone.fi\/#primaryimage"},"thumbnailUrl":"https:\/\/www.lieksanautojakone.fi\/wp-content\/uploads\/2024\/11\/Untitled_Artwork-3.png","datePublished":"2024-11-28T12:36:19+00:00","dateModified":"2025-01-13T15:07:25+00:00","description":"Tarjoamme Pohjois-Karjalassa Lieksan Auto- Ja Konehuollolla palveluita vankalla kokemuksella kera nykyaikaiset laitteiden, Tervetuloa!","breadcrumb":{"@id":"https:\/\/www.lieksanautojakone.fi\/#breadcrumb"},"inLanguage":"fi","potentialAction":[{"@type":"ReadAction","target":["https:\/\/www.lieksanautojakone.fi\/"]}]},{"@type":"ImageObject","inLanguage":"fi","@id":"https:\/\/www.lieksanautojakone.fi\/#primaryimage","url":"https:\/\/www.lieksanautojakone.fi\/wp-content\/uploads\/2024\/11\/Untitled_Artwork-3.png","contentUrl":"https:\/\/www.lieksanautojakone.fi\/wp-content\/uploads\/2024\/11\/Untitled_Artwork-3.png","width":512,"height":512},{"@type":"BreadcrumbList","@id":"https:\/\/www.lieksanautojakone.fi\/#breadcrumb","itemListElement":[{"@type":"ListItem","position":1,"name":"Etusivu","item":"https:\/\/www.lieksanautojakone.fi\/"},{"@type":"ListItem","position":2,"name":"Lieksan Auto- Ja Konehuolto OY"}]},{"@type":"WebSite","@id":"https:\/\/www.lieksanautojakone.fi\/#website","url":"https:\/\/www.lieksanautojakone.fi\/","name":"Lieksan Auto- Ja Konehuolto","description":"Lieksan Auto- Ja Konehuolto","publisher":{"@id":"https:\/\/www.lieksanautojakone.fi\/#organization"},"alternateName":"Lieksan Auto- Ja Konehuolto","potentialAction":[{"@type":"SearchAction","target":{"@type":"EntryPoint","urlTemplate":"https:\/\/www.lieksanautojakone.fi\/?s={search_term_string}"},"query-input":{"@type":"PropertyValueSpecification","valueRequired":true,"valueName":"search_term_string"}}],"inLanguage":"fi"},{"@type":"Organization","@id":"https:\/\/www.lieksanautojakone.fi\/#organization","name":"Lieksan Auto- ja konehuolto OY","alternateName":"Lajkh Lieksan Auto Ja Konehuolto Lieksan auto huolto Lieksan auto ja kone","url":"https:\/\/www.lieksanautojakone.fi\/","logo":{"@type":"ImageObject","inLanguage":"fi","@id":"https:\/\/www.lieksanautojakone.fi\/#\/schema\/logo\/image\/","url":"https:\/\/www.lieksanautojakone.fi\/wp-content\/uploads\/2024\/11\/Untitled_Artwork-3.png","contentUrl":"https:\/\/www.lieksanautojakone.fi\/wp-content\/uploads\/2024\/11\/Untitled_Artwork-3.png","width":512,"height":512,"caption":"Lieksan Auto- ja konehuolto OY"},"image":{"@id":"https:\/\/www.lieksanautojakone.fi\/#\/schema\/logo\/image\/"},"sameAs":["https:\/\/www.facebook.com\/profile.php?id=61568518142738&locale=fi_FI"]}]}},"_links":{"self":[{"href":"https:\/\/www.lieksanautojakone.fi\/index.php?rest_route=\/wp\/v2\/pages\/145","targetHints":{"allow":["GET"]}}],"collection":[{"href":"https:\/\/www.lieksanautojakone.fi\/index.php?rest_route=\/wp\/v2\/pages"}],"about":[{"href":"https:\/\/www.lieksanautojakone.fi\/index.php?rest_route=\/wp\/v2\/types\/page"}],"author":[{"embeddable":true,"href":"https:\/\/www.lieksanautojakone.fi\/index.php?rest_route=\/wp\/v2\/users\/1"}],"replies":[{"embeddable":true,"href":"https:\/\/www.lieksanautojakone.fi\/index.php?rest_route=%2Fwp%2Fv2%2Fcomments&post=145"}],"version-history":[{"count":43,"href":"https:\/\/www.lieksanautojakone.fi\/index.php?rest_route=\/wp\/v2\/pages\/145\/revisions"}],"predecessor-version":[{"id":256,"href":"https:\/\/www.lieksanautojakone.fi\/index.php?rest_route=\/wp\/v2\/pages\/145\/revisions\/256"}],"wp:featuredmedia":[{"embeddable":true,"href":"https:\/\/www.lieksanautojakone.fi\/index.php?rest_route=\/wp\/v2\/media\/223"}],"wp:attachment":[{"href":"https:\/\/www.lieksanautojakone.fi\/index.php?rest_route=%2Fwp%2Fv2%2Fmedia&parent=145"}],"curies":[{"name":"wp","href":"https:\/\/api.w.org\/{rel}","templated":true}]}}